{"id":22,"date":"2026-01-09T13:03:21","date_gmt":"2026-01-09T13:03:21","guid":{"rendered":"https:\/\/maskxit.com\/?page_id=22"},"modified":"2026-01-09T14:37:59","modified_gmt":"2026-01-09T14:37:59","slug":"acceuil","status":"publish","type":"page","link":"https:\/\/maskxit.com\/","title":{"rendered":"Acceuil"},"content":{"rendered":"\t\t<div data-elementor-type=\"wp-page\" data-elementor-id=\"22\" class=\"elementor elementor-22\" data-elementor-settings=\"{&quot;ha_cmc_init_switcher&quot;:&quot;no&quot;}\">\n\t\t\t\t<div class=\"elementor-element elementor-element-a1eac74 e-con-full e-flex e-con e-parent\" data-id=\"a1eac74\" data-element_type=\"container\" data-settings=\"{&quot;background_background&quot;:&quot;classic&quot;,&quot;_ha_eqh_enable&quot;:false}\">\n\t\t<div class=\"elementor-element elementor-element-cfc5614 e-con-full e-flex e-con e-child\" data-id=\"cfc5614\" data-element_type=\"container\" data-settings=\"{&quot;_ha_eqh_enable&quot;:false}\">\n\t\t\t\t<div class=\"elementor-element elementor-element-c643d3b elementor-widget elementor-widget-heading\" data-id=\"c643d3b\" data-element_type=\"widget\" data-widget_type=\"heading.default\">\n\t\t\t\t\t<h2 class=\"elementor-heading-title elementor-size-default\">AXEL NAU<\/h2>\t\t\t\t<\/div>\n\t\t\t\t<div class=\"elementor-element elementor-element-8876bb6 elementor-widget elementor-widget-heading\" data-id=\"8876bb6\" data-element_type=\"widget\" data-widget_type=\"heading.default\">\n\t\t\t\t\t<h3 class=\"elementor-heading-title elementor-size-default\">CONSULTANT S\u00c9CURIT\u00c9 CLOUD &amp; PERFORMANCE WORKPLACE<\/h3>\t\t\t\t<\/div>\n\t\t\t\t<div class=\"elementor-element elementor-element-2b9b0fc elementor-widget elementor-widget-text-editor\" data-id=\"2b9b0fc\" data-element_type=\"widget\" data-widget_type=\"text-editor.default\">\n\t\t\t\t\t\t\t\t\t<p class=\"cvGsUA direction-ltr align-start para-style-body\"><span class=\"a_GcMg font-feature-liga-off font-feature-clig-off font-feature-calt-off text-decoration-none text-strikethrough-none\">Titulaire d&rsquo;un Mast\u00e8re Cybers\u00e9curit\u00e9 (EFREI), je me positionne \u00e0 l&rsquo;intersection entre protection des donn\u00e9es et performance op\u00e9rationnelle.<\/span><\/p><p class=\"cvGsUA direction-ltr align-start para-style-body\"><span class=\"a_GcMg font-feature-liga-off font-feature-clig-off font-feature-calt-off text-decoration-none text-strikethrough-none\">Mon approche : s\u00e9curiser le Modern Workplace (Intune, EDR) sans impacter la productivit\u00e9 utilisateur. Passionn\u00e9 par l&rsquo;offensive (Red Team), je cultive une veille technique active via mon laboratoire personnel, MASKxIT.<\/span><\/p>\t\t\t\t\t\t\t\t<\/div>\n\t\t<div class=\"elementor-element elementor-element-a033ce9 e-grid e-con-full e-con e-child\" data-id=\"a033ce9\" data-element_type=\"container\" data-settings=\"{&quot;_ha_eqh_enable&quot;:false}\">\n\t\t\t\t<div class=\"elementor-element elementor-element-21665e3 elementor-align-center elementor-widget elementor-widget-button\" data-id=\"21665e3\" data-element_type=\"widget\" data-widget_type=\"button.default\">\n\t\t\t\t\t\t\t\t\t\t<a class=\"elementor-button elementor-button-link elementor-size-sm\" href=\"#Contact\">\n\t\t\t\t\t\t<span class=\"elementor-button-content-wrapper\">\n\t\t\t\t\t\t\t\t\t<span class=\"elementor-button-text\">ME CONTACTER<\/span>\n\t\t\t\t\t<\/span>\n\t\t\t\t\t<\/a>\n\t\t\t\t\t\t\t\t<\/div>\n\t\t\t\t<div class=\"elementor-element elementor-element-7ccbad6 elementor-align-center elementor-widget elementor-widget-button\" data-id=\"7ccbad6\" data-element_type=\"widget\" data-widget_type=\"button.default\">\n\t\t\t\t\t\t\t\t\t\t<a class=\"elementor-button elementor-button-link elementor-size-sm\" href=\"https:\/\/maskxit.com\/index.php\/competences\/\">\n\t\t\t\t\t\t<span class=\"elementor-button-content-wrapper\">\n\t\t\t\t\t\t\t\t\t<span class=\"elementor-button-text\">MES COMP\u00c9TENCES<\/span>\n\t\t\t\t\t<\/span>\n\t\t\t\t\t<\/a>\n\t\t\t\t\t\t\t\t<\/div>\n\t\t\t\t<\/div>\n\t\t\t\t<\/div>\n\t\t<div class=\"elementor-element elementor-element-cda9274 e-con-full e-flex e-con e-child\" data-id=\"cda9274\" data-element_type=\"container\" data-settings=\"{&quot;_ha_eqh_enable&quot;:false}\">\n\t\t\t\t<div class=\"elementor-element elementor-element-e820f20 elementor-widget elementor-widget-image\" data-id=\"e820f20\" data-element_type=\"widget\" data-widget_type=\"image.default\">\n\t\t\t\t\t\t\t\t\t\t\t\t\t\t\t<img fetchpriority=\"high\" decoding=\"async\" width=\"500\" height=\"500\" src=\"https:\/\/maskxit.com\/wp-content\/uploads\/2026\/01\/MASKxIT_Rebranding.png\" class=\"attachment-large size-large wp-image-17\" alt=\"\" srcset=\"https:\/\/maskxit.com\/wp-content\/uploads\/2026\/01\/MASKxIT_Rebranding.png 500w, https:\/\/maskxit.com\/wp-content\/uploads\/2026\/01\/MASKxIT_Rebranding-300x300.png 300w, https:\/\/maskxit.com\/wp-content\/uploads\/2026\/01\/MASKxIT_Rebranding-150x150.png 150w, https:\/\/maskxit.com\/wp-content\/uploads\/2026\/01\/elementor\/thumbs\/MASKxIT_Rebranding-rhehv6i0fnptq6zw2lgwpsd2vvarpqce7te7kwqprc.png 100w, https:\/\/maskxit.com\/wp-content\/uploads\/2026\/01\/elementor\/thumbs\/MASKxIT_Rebranding-rhehv6i06vyjeld56taoakleoegfzdp91gh6cmn9r4.png 80w\" sizes=\"(max-width: 500px) 100vw, 500px\" \/>\t\t\t\t\t\t\t\t\t\t\t\t\t\t\t<\/div>\n\t\t\t\t<\/div>\n\t\t\t\t<\/div>\n\t\t\t\t<\/div>\n\t\t","protected":false},"excerpt":{"rendered":"<p>AXEL NAU CONSULTANT S\u00c9CURIT\u00c9 CLOUD &amp; PERFORMANCE WORKPLACE Titulaire d&rsquo;un Mast\u00e8re Cybers\u00e9curit\u00e9 (EFREI), je me positionne \u00e0 l&rsquo;intersection entre protection des donn\u00e9es et performance op\u00e9rationnelle. Mon approche : s\u00e9curiser le Modern Workplace (Intune, EDR) sans impacter la productivit\u00e9 utilisateur. Passionn\u00e9 par l&rsquo;offensive (Red Team), je cultive une veille technique active via mon laboratoire personnel, MASKxIT. [&hellip;]<\/p>\n","protected":false},"author":1,"featured_media":0,"parent":0,"menu_order":0,"comment_status":"closed","ping_status":"closed","template":"","meta":{"footnotes":""},"class_list":["post-22","page","type-page","status-publish","hentry"],"_links":{"self":[{"href":"https:\/\/maskxit.com\/index.php\/wp-json\/wp\/v2\/pages\/22","targetHints":{"allow":["GET"]}}],"collection":[{"href":"https:\/\/maskxit.com\/index.php\/wp-json\/wp\/v2\/pages"}],"about":[{"href":"https:\/\/maskxit.com\/index.php\/wp-json\/wp\/v2\/types\/page"}],"author":[{"embeddable":true,"href":"https:\/\/maskxit.com\/index.php\/wp-json\/wp\/v2\/users\/1"}],"replies":[{"embeddable":true,"href":"https:\/\/maskxit.com\/index.php\/wp-json\/wp\/v2\/comments?post=22"}],"version-history":[{"count":37,"href":"https:\/\/maskxit.com\/index.php\/wp-json\/wp\/v2\/pages\/22\/revisions"}],"predecessor-version":[{"id":137,"href":"https:\/\/maskxit.com\/index.php\/wp-json\/wp\/v2\/pages\/22\/revisions\/137"}],"wp:attachment":[{"href":"https:\/\/maskxit.com\/index.php\/wp-json\/wp\/v2\/media?parent=22"}],"curies":[{"name":"wp","href":"https:\/\/api.w.org\/{rel}","templated":true}]}}